{"id":625,"date":"2020-05-28T17:54:57","date_gmt":"2020-05-28T14:54:57","guid":{"rendered":"http:\/\/www.dirilisnesli.com\/?page_id=625"},"modified":"2020-08-16T18:03:32","modified_gmt":"2020-08-16T15:03:32","slug":"yazi-gonder","status":"publish","type":"page","link":"https:\/\/www.dirilisnesli.com\/index.php\/yazi-gonder\/","title":{"rendered":"YAZINI G\u00d6NDER"},"content":{"rendered":"\t\t<div data-elementor-type=\"wp-page\" data-elementor-id=\"625\" class=\"elementor elementor-625\">\n\t\t\t\t\t\t<div class=\"elementor-inner\">\n\t\t\t\t<div class=\"elementor-section-wrap\">\n\t\t\t\t\t\t\t\t\t<section class=\"elementor-section elementor-top-section elementor-element elementor-element-3f7f1c34 elementor-section-boxed elementor-section-height-default elementor-section-height-default\" data-id=\"3f7f1c34\" data-element_type=\"section\">\n\t\t\t\t\t\t<div class=\"elementor-container elementor-column-gap-default\">\n\t\t\t\t\t\t\t<div class=\"elementor-row\">\n\t\t\t\t\t<div class=\"elementor-column elementor-col-100 elementor-top-column elementor-element elementor-element-355957ce\" data-id=\"355957ce\" data-element_type=\"column\">\n\t\t\t<div class=\"elementor-column-wrap elementor-element-populated\">\n\t\t\t\t\t\t\t<div class=\"elementor-widget-wrap\">\n\t\t\t\t\t\t<div class=\"elementor-element elementor-element-2c4490e8 elementor-widget elementor-widget-text-editor\" data-id=\"2c4490e8\" data-element_type=\"widget\" data-widget_type=\"text-editor.default\">\n\t\t\t\t<div class=\"elementor-widget-container\">\n\t\t\t\t\t\t\t\t<div class=\"elementor-text-editor elementor-clearfix\">\n\t\t\t\t<!-- wp:shortcode -->\n<p><div role=\"form\" class=\"wpcf7\" id=\"wpcf7-f816-o1\" lang=\"tr-TR\" dir=\"ltr\">\n<div class=\"screen-reader-response\"><p role=\"status\" aria-live=\"polite\" aria-atomic=\"true\"><\/p> <ul><\/ul><\/div>\n<form action=\"\/index.php\/wp-json\/wp\/v2\/pages\/625#wpcf7-f816-o1\" method=\"post\" class=\"wpcf7-form init\" enctype=\"multipart\/form-data\" novalidate=\"novalidate\" data-status=\"init\">\n<div style=\"display: none;\">\n<input type=\"hidden\" name=\"_wpcf7\" value=\"816\" \/>\n<input type=\"hidden\" name=\"_wpcf7_version\" value=\"5.4.2\" \/>\n<input type=\"hidden\" name=\"_wpcf7_locale\" value=\"tr_TR\" \/>\n<input type=\"hidden\" name=\"_wpcf7_unit_tag\" value=\"wpcf7-f816-o1\" \/>\n<input type=\"hidden\" name=\"_wpcf7_container_post\" value=\"0\" \/>\n<input type=\"hidden\" name=\"_wpcf7_posted_data_hash\" value=\"\" \/>\n<\/div>\n<p><label> Ad\u0131n\u0131z (gerekli)<br \/>\n    <span class=\"wpcf7-form-control-wrap your-name\"><input type=\"text\" name=\"your-name\" value=\"\" size=\"40\" class=\"wpcf7-form-control wpcf7-text wpcf7-validates-as-required\" aria-required=\"true\" aria-invalid=\"false\" \/><\/span> <\/label><\/p>\n<p><label> E-posta adresiniz (gerekli)<br \/>\n    <span class=\"wpcf7-form-control-wrap your-email\"><input type=\"email\" name=\"your-email\" value=\"\" size=\"40\" class=\"wpcf7-form-control wpcf7-text wpcf7-email wpcf7-validates-as-required wpcf7-validates-as-email\" aria-required=\"true\" aria-invalid=\"false\" \/><\/span> <\/label><\/p>\n<p><label> Konu<br \/>\n    <span class=\"wpcf7-form-control-wrap your-subject\"><input type=\"text\" name=\"your-subject\" value=\"\" size=\"40\" class=\"wpcf7-form-control wpcf7-text\" aria-invalid=\"false\" \/><\/span> <\/label><\/p>\n<p><label> Yaz\u0131n\u0131z<br \/>\n   <span class=\"wpcf7-form-control-wrap file-581\"><input type=\"file\" name=\"file-581\" size=\"40\" class=\"wpcf7-form-control wpcf7-file\" accept=\".jpg,.jpeg,.png,.gif,.pdf,.doc,.docx,.ppt,.pptx,.odt,.avi,.ogg,.m4a,.mov,.mp3,.mp4,.mpg,.wav,.wmv\" aria-invalid=\"false\" \/><\/span><\/label><\/p>\n<p><label> \u0130letiniz<br \/>\n    <span class=\"wpcf7-form-control-wrap your-message\"><textarea name=\"your-message\" cols=\"40\" rows=\"10\" class=\"wpcf7-form-control wpcf7-textarea\" aria-invalid=\"false\"><\/textarea><\/span> <\/label><\/p>\n<p>[anr_nocaptcha g-recaptcha-response]<\/p>\n<p><input type=\"submit\" value=\"G\u00f6nder\" class=\"wpcf7-form-control wpcf7-submit\" \/><\/p>\n<div class=\"wpcf7-response-output\" aria-hidden=\"true\"><\/div><\/form><\/div><\/p>\n<!-- \/wp:shortcode -->\t\t\t\t\t<\/div>\n\t\t\t\t\t\t<\/div>\n\t\t\t\t<\/div>\n\t\t\t\t\t\t<\/div>\n\t\t\t\t\t<\/div>\n\t\t<\/div>\n\t\t\t\t\t\t\t\t<\/div>\n\t\t\t\t\t<\/div>\n\t\t<\/section>\n\t\t\t\t\t\t\t\t\t<\/div>\n\t\t\t<\/div>\n\t\t\t\t\t<\/div>\n\t\t","protected":false},"excerpt":{"rendered":"","protected":false},"author":1,"featured_media":0,"parent":0,"menu_order":0,"comment_status":"closed","ping_status":"closed","template":"","meta":[],"yoast_head":"<!-- This site is optimized with the Yoast SEO plugin v16.7 - https:\/\/yoast.com\/wordpress\/plugins\/seo\/ -->\n<title>YAZINI G\u00d6NDER | D\u0130R\u0130L\u0130\u015e NESL\u0130<\/title>\n<meta name=\"description\" content=\"Kalemimle bende var\u0131m diyorsan yaz\u0131lar\u0131n\u0131 bekliyoruz. Sorular\u0131n i\u00e7in bizlere ister mail adresimizden, ister sosyal medya \u00fczerinden ula\u015fabilirsin.\" \/>\n<meta name=\"robots\" content=\"index, follow, max-snippet:-1, max-image-preview:large, max-video-preview:-1\" \/>\n<link rel=\"canonical\" href=\"https:\/\/www.dirilisnesli.com\/index.php\/yazi-gonder\/\" \/>\n<meta property=\"og:locale\" content=\"tr_TR\" \/>\n<meta property=\"og:type\" content=\"article\" \/>\n<meta property=\"og:title\" content=\"YAZINI G\u00d6NDER | D\u0130R\u0130L\u0130\u015e NESL\u0130\" \/>\n<meta property=\"og:description\" content=\"Kalemimle bende var\u0131m diyorsan yaz\u0131lar\u0131n\u0131 bekliyoruz. Sorular\u0131n i\u00e7in bizlere ister mail adresimizden, ister sosyal medya \u00fczerinden ula\u015fabilirsin.\" \/>\n<meta property=\"og:url\" content=\"https:\/\/www.dirilisnesli.com\/index.php\/yazi-gonder\/\" \/>\n<meta property=\"og:site_name\" content=\"D\u0130R\u0130L\u0130\u015e NESL\u0130\" \/>\n<meta property=\"article:modified_time\" content=\"2020-08-16T15:03:32+00:00\" \/>\n<meta name=\"twitter:card\" content=\"summary_large_image\" \/>\n<meta name=\"twitter:site\" content=\"@dirilisneslicom\" \/>\n<script type=\"application\/ld+json\" class=\"yoast-schema-graph\">{\"@context\":\"https:\/\/schema.org\",\"@graph\":[{\"@type\":\"WebSite\",\"@id\":\"https:\/\/www.dirilisnesli.com\/#website\",\"url\":\"https:\/\/www.dirilisnesli.com\/\",\"name\":\"D\\u0130R\\u0130L\\u0130\\u015e NESL\\u0130\",\"description\":\"&quot;B\\u00fct\\u00fcn Uyuyanlar\\u0131 Uyand\\u0131rmaya Bir Tek Uyan\\u0131k Yeter&quot;\",\"potentialAction\":[{\"@type\":\"SearchAction\",\"target\":{\"@type\":\"EntryPoint\",\"urlTemplate\":\"https:\/\/www.dirilisnesli.com\/?s={search_term_string}\"},\"query-input\":\"required name=search_term_string\"}],\"inLanguage\":\"tr\"},{\"@type\":\"WebPage\",\"@id\":\"https:\/\/www.dirilisnesli.com\/index.php\/yazi-gonder\/#webpage\",\"url\":\"https:\/\/www.dirilisnesli.com\/index.php\/yazi-gonder\/\",\"name\":\"YAZINI G\\u00d6NDER | D\\u0130R\\u0130L\\u0130\\u015e NESL\\u0130\",\"isPartOf\":{\"@id\":\"https:\/\/www.dirilisnesli.com\/#website\"},\"datePublished\":\"2020-05-28T14:54:57+00:00\",\"dateModified\":\"2020-08-16T15:03:32+00:00\",\"description\":\"Kalemimle bende var\\u0131m diyorsan yaz\\u0131lar\\u0131n\\u0131 bekliyoruz. Sorular\\u0131n i\\u00e7in bizlere ister mail adresimizden, ister sosyal medya \\u00fczerinden ula\\u015fabilirsin.\",\"breadcrumb\":{\"@id\":\"https:\/\/www.dirilisnesli.com\/index.php\/yazi-gonder\/#breadcrumb\"},\"inLanguage\":\"tr\",\"potentialAction\":[{\"@type\":\"ReadAction\",\"target\":[\"https:\/\/www.dirilisnesli.com\/index.php\/yazi-gonder\/\"]}]},{\"@type\":\"BreadcrumbList\",\"@id\":\"https:\/\/www.dirilisnesli.com\/index.php\/yazi-gonder\/#breadcrumb\",\"itemListElement\":[{\"@type\":\"ListItem\",\"position\":1,\"name\":\"Ana sayfa\",\"item\":\"https:\/\/www.dirilisnesli.com\/\"},{\"@type\":\"ListItem\",\"position\":2,\"name\":\"YAZINI G\\u00d6NDER\"}]}]}<\/script>\n<!-- \/ Yoast SEO plugin. -->","yoast_head_json":{"title":"YAZINI G\u00d6NDER | D\u0130R\u0130L\u0130\u015e NESL\u0130","description":"Kalemimle bende var\u0131m diyorsan yaz\u0131lar\u0131n\u0131 bekliyoruz. Sorular\u0131n i\u00e7in bizlere ister mail adresimizden, ister sosyal medya \u00fczerinden ula\u015fabilirsin.","robots":{"index":"index","follow":"follow","max-snippet":"max-snippet:-1","max-image-preview":"max-image-preview:large","max-video-preview":"max-video-preview:-1"},"canonical":"https:\/\/www.dirilisnesli.com\/index.php\/yazi-gonder\/","og_locale":"tr_TR","og_type":"article","og_title":"YAZINI G\u00d6NDER | D\u0130R\u0130L\u0130\u015e NESL\u0130","og_description":"Kalemimle bende var\u0131m diyorsan yaz\u0131lar\u0131n\u0131 bekliyoruz. Sorular\u0131n i\u00e7in bizlere ister mail adresimizden, ister sosyal medya \u00fczerinden ula\u015fabilirsin.","og_url":"https:\/\/www.dirilisnesli.com\/index.php\/yazi-gonder\/","og_site_name":"D\u0130R\u0130L\u0130\u015e NESL\u0130","article_modified_time":"2020-08-16T15:03:32+00:00","twitter_card":"summary_large_image","twitter_site":"@dirilisneslicom","schema":{"@context":"https:\/\/schema.org","@graph":[{"@type":"WebSite","@id":"https:\/\/www.dirilisnesli.com\/#website","url":"https:\/\/www.dirilisnesli.com\/","name":"D\u0130R\u0130L\u0130\u015e NESL\u0130","description":"&quot;B\u00fct\u00fcn Uyuyanlar\u0131 Uyand\u0131rmaya Bir Tek Uyan\u0131k Yeter&quot;","potentialAction":[{"@type":"SearchAction","target":{"@type":"EntryPoint","urlTemplate":"https:\/\/www.dirilisnesli.com\/?s={search_term_string}"},"query-input":"required name=search_term_string"}],"inLanguage":"tr"},{"@type":"WebPage","@id":"https:\/\/www.dirilisnesli.com\/index.php\/yazi-gonder\/#webpage","url":"https:\/\/www.dirilisnesli.com\/index.php\/yazi-gonder\/","name":"YAZINI G\u00d6NDER | D\u0130R\u0130L\u0130\u015e NESL\u0130","isPartOf":{"@id":"https:\/\/www.dirilisnesli.com\/#website"},"datePublished":"2020-05-28T14:54:57+00:00","dateModified":"2020-08-16T15:03:32+00:00","description":"Kalemimle bende var\u0131m diyorsan yaz\u0131lar\u0131n\u0131 bekliyoruz. Sorular\u0131n i\u00e7in bizlere ister mail adresimizden, ister sosyal medya \u00fczerinden ula\u015fabilirsin.","breadcrumb":{"@id":"https:\/\/www.dirilisnesli.com\/index.php\/yazi-gonder\/#breadcrumb"},"inLanguage":"tr","potentialAction":[{"@type":"ReadAction","target":["https:\/\/www.dirilisnesli.com\/index.php\/yazi-gonder\/"]}]},{"@type":"BreadcrumbList","@id":"https:\/\/www.dirilisnesli.com\/index.php\/yazi-gonder\/#breadcrumb","itemListElement":[{"@type":"ListItem","position":1,"name":"Ana sayfa","item":"https:\/\/www.dirilisnesli.com\/"},{"@type":"ListItem","position":2,"name":"YAZINI G\u00d6NDER"}]}]}},"_links":{"self":[{"href":"https:\/\/www.dirilisnesli.com\/index.php\/wp-json\/wp\/v2\/pages\/625"}],"collection":[{"href":"https:\/\/www.dirilisnesli.com\/index.php\/wp-json\/wp\/v2\/pages"}],"about":[{"href":"https:\/\/www.dirilisnesli.com\/index.php\/wp-json\/wp\/v2\/types\/page"}],"author":[{"embeddable":true,"href":"https:\/\/www.dirilisnesli.com\/index.php\/wp-json\/wp\/v2\/users\/1"}],"replies":[{"embeddable":true,"href":"https:\/\/www.dirilisnesli.com\/index.php\/wp-json\/wp\/v2\/comments?post=625"}],"version-history":[{"count":0,"href":"https:\/\/www.dirilisnesli.com\/index.php\/wp-json\/wp\/v2\/pages\/625\/revisions"}],"wp:attachment":[{"href":"https:\/\/www.dirilisnesli.com\/index.php\/wp-json\/wp\/v2\/media?parent=625"}],"curies":[{"name":"wp","href":"https:\/\/api.w.org\/{rel}","templated":true}]}}